{"id":3214,"date":"2023-10-11T10:47:06","date_gmt":"2023-10-11T15:47:06","guid":{"rendered":"https:\/\/www.ecosac.com.pe\/?page_id=3214"},"modified":"2023-10-11T10:47:27","modified_gmt":"2023-10-11T15:47:27","slug":"terminos-y-condiciones","status":"publish","type":"page","link":"https:\/\/ecosac.com.pe\/en\/terminos-y-condiciones\/","title":{"rendered":"terminos y condiciones"},"content":{"rendered":"<div data-elementor-type=\"wp-page\" data-elementor-id=\"3214\" class=\"elementor elementor-3214\">\n\t\t\t\t\t\t<section class=\"has_eae_slider elementor-section elementor-top-section elementor-element elementor-element-2e041a09 elementor-section-stretched elementor-section-boxed elementor-section-height-default elementor-section-height-default\" data-id=\"2e041a09\" data-element_type=\"section\" data-settings=\"{&quot;stretch_section&quot;:&quot;section-stretched&quot;,&quot;background_background&quot;:&quot;gradient&quot;}\">\n\t\t\t\t\t\t<div class=\"elementor-container elementor-column-gap-default\">\n\t\t\t\t\t<div class=\"has_eae_slider elementor-column elementor-col-100 elementor-top-column elementor-element elementor-element-5fdff82e\" data-id=\"5fdff82e\" data-element_type=\"column\">\n\t\t\t<div class=\"elementor-widget-wrap elementor-element-populated\">\n\t\t\t\t\t\t<div class=\"elementor-element elementor-element-513d7ea6 elementor-widget elementor-widget-heading\" data-id=\"513d7ea6\" data-element_type=\"widget\" data-widget_type=\"heading.default\">\n\t\t\t\t<div class=\"elementor-widget-container\">\n\t\t\t<style>\/*! elementor - v3.19.0 - 28-02-2024 *\/\n.elementor-heading-title{padding:0;margin:0;line-height:1}.elementor-widget-heading .elementor-heading-title[class*=elementor-size-]>a{color:inherit;font-size:inherit;line-height:inherit}.elementor-widget-heading .elementor-heading-title.elementor-size-small{font-size:15px}.elementor-widget-heading .elementor-heading-title.elementor-size-medium{font-size:19px}.elementor-widget-heading .elementor-heading-title.elementor-size-large{font-size:29px}.elementor-widget-heading .elementor-heading-title.elementor-size-xl{font-size:39px}.elementor-widget-heading .elementor-heading-title.elementor-size-xxl{font-size:59px}<\/style><h1 class=\"elementor-heading-title elementor-size-default\">T\u00e9rminos y Condiciones<\/h1>\t\t<\/div>\n\t\t\t\t<\/div>\n\t\t\t\t\t<\/div>\n\t\t<\/div>\n\t\t\t\t\t<\/div>\n\t\t<\/section>\n\t\t\t\t<section class=\"has_eae_slider elementor-section elementor-top-section elementor-element elementor-element-48d93da6 elementor-section-stretched elementor-section-boxed elementor-section-height-default elementor-section-height-default\" data-id=\"48d93da6\" data-element_type=\"section\" data-settings=\"{&quot;stretch_section&quot;:&quot;section-stretched&quot;,&quot;background_background&quot;:&quot;classic&quot;}\">\n\t\t\t\t\t\t<div class=\"elementor-container elementor-column-gap-default\">\n\t\t\t\t\t<div class=\"has_eae_slider elementor-column elementor-col-100 elementor-top-column elementor-element elementor-element-5d8c9537\" data-id=\"5d8c9537\" data-element_type=\"column\">\n\t\t\t<div class=\"elementor-widget-wrap elementor-element-populated\">\n\t\t\t\t\t\t<section class=\"has_eae_slider elementor-section elementor-inner-section elementor-element elementor-element-38102f8f elementor-section-boxed elementor-section-height-default elementor-section-height-default\" data-id=\"38102f8f\" data-element_type=\"section\">\n\t\t\t\t\t\t<div class=\"elementor-container elementor-column-gap-default\">\n\t\t\t\t\t<div class=\"has_eae_slider elementor-column elementor-col-100 elementor-inner-column elementor-element elementor-element-12b236a5\" data-id=\"12b236a5\" data-element_type=\"column\">\n\t\t\t<div class=\"elementor-widget-wrap elementor-element-populated\">\n\t\t\t\t\t\t<div class=\"elementor-element elementor-element-bef13bd elementor-widget elementor-widget-heading\" data-id=\"bef13bd\" data-element_type=\"widget\" data-widget_type=\"heading.default\">\n\t\t\t\t<div class=\"elementor-widget-container\">\n\t\t\t<h2 class=\"elementor-heading-title elementor-size-default\">T\u00e9rminos y Condiciones de Uso de la Aplicaci\u00f3n AIDA<\/h2>\t\t<\/div>\n\t\t\t\t<\/div>\n\t\t\t\t<div class=\"elementor-element elementor-element-1627762 elementor-widget elementor-widget-text-editor\" data-id=\"1627762\" data-element_type=\"widget\" data-widget_type=\"text-editor.default\">\n\t\t\t\t<div class=\"elementor-widget-container\">\n\t\t\t<style>\/*! elementor - v3.19.0 - 28-02-2024 *\/\n.elementor-widget-text-editor.elementor-drop-cap-view-stacked .elementor-drop-cap{background-color:#69727d;color:#fff}.elementor-widget-text-editor.elementor-drop-cap-view-framed .elementor-drop-cap{color:#69727d;border:3px solid;background-color:transparent}.elementor-widget-text-editor:not(.elementor-drop-cap-view-default) .elementor-drop-cap{margin-top:8px}.elementor-widget-text-editor:not(.elementor-drop-cap-view-default) .elementor-drop-cap-letter{width:1em;height:1em}.elementor-widget-text-editor .elementor-drop-cap{float:left;text-align:center;line-height:1;font-size:50px}.elementor-widget-text-editor .elementor-drop-cap-letter{display:inline-block}<\/style>\t\t\t\t<p><strong>1. Uso de la Aplicaci\u00f3n:<\/strong> La aplicaci\u00f3n AIDA tiene como finalidad principal la realizaci\u00f3n de registros de avances en diferentes ambientes de nuestra empresa. El acceso a la aplicaci\u00f3n requiere el n\u00famero de documento de identidad, que se obtiene de la base de datos de trabajadores de Ecosac Agr\u00edcola SAC. El uso de esta aplicaci\u00f3n est\u00e1 limitado exclusivamente a empleados y contratistas de Ecosac Agr\u00edcola SAC y su \u00e1mbito se restringe al entorno empresarial de la compa\u00f1\u00eda.<\/p><p>\u00a0<\/p><p><strong>2. Propiedad Intelectual:<\/strong> La aplicaci\u00f3n AIDA es propiedad exclusiva del \u00e1rea de Tecnolog\u00eda de Informaci\u00f3n de Ecosac Agr\u00edcola SAC.<\/p><p>\u00a0<\/p><p><strong>3. Privacidad y Recopilaci\u00f3n de Datos:<\/strong> La informaci\u00f3n para el inicio de sesi\u00f3n se obtiene de la base de datos de trabajadores de Ecosac Agr\u00edcola SAC. Todos los trabajadores proporcionan su consentimiento por escrito como parte de su contrato de trabajo para el uso de sus datos personales en esta aplicaci\u00f3n.<\/p><p>\u00a0<\/p><p><strong>4. Seguridad:<\/strong> La aplicaci\u00f3n AIDA implementa medidas de seguridad, incluyendo roles de usuario que no pueden ser modificados sin la autorizaci\u00f3n de un administrador. Se espera que los usuarios mantengan la seguridad de sus credenciales de inicio de sesi\u00f3n y cambien sus contrase\u00f1as peri\u00f3dicamente.<\/p><p>\u00a0<\/p><p><strong>5. Responsabilidad y Garant\u00edas:<\/strong> Los usuarios son responsables de la seguridad de sus credenciales de inicio de sesi\u00f3n. Ecosac Agr\u00edcola SAC no asume responsabilidad por el uso no autorizado de las cuentas de usuario.<\/p><p>\u00a0<\/p><p><strong>6. T\u00e9rminos de Pago:<\/strong> La aplicaci\u00f3n AIDA no requiere pagos ni suscripciones, por ende es No lucrativa, y no muestra publicidad.<\/p><p>\u00a0<\/p><p><strong>7. T\u00e9rminos de Cancelaci\u00f3n:<\/strong> No se aplican t\u00e9rminos de cancelaci\u00f3n, ya que el uso de la aplicaci\u00f3n est\u00e1 reservado exclusivamente para empleados y contratistas de Ecosac Agr\u00edcola SAC.<\/p><p>\u00a0<\/p><p><strong>8. Ley Aplicable y Jurisdicci\u00f3n:<\/strong> Cualquier disputa o preocupaci\u00f3n relacionada con el uso de la aplicaci\u00f3n se resolver\u00e1 dentro del \u00e1mbito de Ecosac Agr\u00edcola SAC y estar\u00e1 sujeta a las pol\u00edticas y regulaciones internas de la empresa. Se puede ponerse en contacto con el \u00e1rea legal y de recursos humanos de Ecosac Agr\u00edcola SAC para cualquier sugerencia o queja.<\/p><p>\u00a0<\/p><p><strong>9. Cambios en los T\u00e9rminos y Condiciones:<\/strong> Los usuarios ser\u00e1n notificados por correo electr\u00f3nico en caso de cambios en los t\u00e9rminos y pol\u00edticas de la aplicaci\u00f3n.<\/p><p>\u00a0<\/p><p><strong>10. Contacto:<\/strong> Para resolver dudas sobre el funcionamiento de la aplicaci\u00f3n, puedes ponerte en contacto con el \u00e1rea de Tecnolog\u00eda de Informaci\u00f3n de Ecosac Agr\u00edcola SAC o escribir a la direcci\u00f3n de correo electr\u00f3nico <a href=\"mailto:soporte@ecosac.com.pe\" target=\"_new\">soporte@ecosac.com.pe<\/a>.<\/p>\t\t\t\t\t\t<\/div>\n\t\t\t\t<\/div>\n\t\t\t\t\t<\/div>\n\t\t<\/div>\n\t\t\t\t\t<\/div>\n\t\t<\/section>\n\t\t\t\t\t<\/div>\n\t\t<\/div>\n\t\t\t\t\t<\/div>\n\t\t<\/section>\n\t\t\t\t<\/div>","protected":false},"excerpt":{"rendered":"<p class=\"excerpt\">T\u00e9rminos y Condiciones T\u00e9rminos y Condiciones de Uso de la Aplicaci\u00f3n AIDA 1. Uso de la Aplicaci\u00f3n: La aplicaci\u00f3n AIDA tiene como finalidad principal la realizaci\u00f3n de registros de avances en diferentes ambientes de nuestra empresa. El acceso a la aplicaci\u00f3n requiere el n\u00famero de documento de identidad, que se obtiene de la base de [&hellip;]<\/p>","protected":false},"author":2,"featured_media":0,"parent":0,"menu_order":0,"comment_status":"closed","ping_status":"closed","template":"elementor_header_footer","meta":{"footnotes":""},"_links":{"self":[{"href":"https:\/\/ecosac.com.pe\/en\/wp-json\/wp\/v2\/pages\/3214"}],"collection":[{"href":"https:\/\/ecosac.com.pe\/en\/wp-json\/wp\/v2\/pages"}],"about":[{"href":"https:\/\/ecosac.com.pe\/en\/wp-json\/wp\/v2\/types\/page"}],"author":[{"embeddable":true,"href":"https:\/\/ecosac.com.pe\/en\/wp-json\/wp\/v2\/users\/2"}],"replies":[{"embeddable":true,"href":"https:\/\/ecosac.com.pe\/en\/wp-json\/wp\/v2\/comments?post=3214"}],"version-history":[{"count":7,"href":"https:\/\/ecosac.com.pe\/en\/wp-json\/wp\/v2\/pages\/3214\/revisions"}],"predecessor-version":[{"id":3221,"href":"https:\/\/ecosac.com.pe\/en\/wp-json\/wp\/v2\/pages\/3214\/revisions\/3221"}],"wp:attachment":[{"href":"https:\/\/ecosac.com.pe\/en\/wp-json\/wp\/v2\/media?parent=3214"}],"curies":[{"name":"wp","href":"https:\/\/api.w.org\/{rel}","templated":true}]}}