{"id":2613,"date":"2021-12-02T20:59:05","date_gmt":"2021-12-03T01:59:05","guid":{"rendered":"https:\/\/www.ecosac.com.pe\/?page_id=2613"},"modified":"2023-05-26T15:37:09","modified_gmt":"2023-05-26T20:37:09","slug":"contactanos","status":"publish","type":"page","link":"https:\/\/ecosac.com.pe\/en\/contactanos\/","title":{"rendered":"Contact us"},"content":{"rendered":"<div data-elementor-type=\"wp-page\" data-elementor-id=\"2613\" class=\"elementor elementor-2613\">\n\t\t\t\t\t\t<section class=\"has_eae_slider elementor-section elementor-top-section elementor-element elementor-element-1cfa5095 elementor-section-stretched elementor-section-boxed elementor-section-height-default elementor-section-height-default\" data-id=\"1cfa5095\" data-element_type=\"section\" data-settings=\"{&quot;stretch_section&quot;:&quot;section-stretched&quot;,&quot;background_background&quot;:&quot;gradient&quot;}\">\n\t\t\t\t\t\t<div class=\"elementor-container elementor-column-gap-default\">\n\t\t\t\t\t<div class=\"has_eae_slider elementor-column elementor-col-100 elementor-top-column elementor-element elementor-element-635c0688\" data-id=\"635c0688\" data-element_type=\"column\">\n\t\t\t<div class=\"elementor-widget-wrap elementor-element-populated\">\n\t\t\t\t\t\t<div class=\"elementor-element elementor-element-322f27c2 elementor-widget elementor-widget-heading\" data-id=\"322f27c2\" data-element_type=\"widget\" data-widget_type=\"heading.default\">\n\t\t\t\t<div class=\"elementor-widget-container\">\n\t\t\t<style>\/*! elementor - v3.19.0 - 28-02-2024 *\/\n.elementor-heading-title{padding:0;margin:0;line-height:1}.elementor-widget-heading .elementor-heading-title[class*=elementor-size-]>a{color:inherit;font-size:inherit;line-height:inherit}.elementor-widget-heading .elementor-heading-title.elementor-size-small{font-size:15px}.elementor-widget-heading .elementor-heading-title.elementor-size-medium{font-size:19px}.elementor-widget-heading .elementor-heading-title.elementor-size-large{font-size:29px}.elementor-widget-heading .elementor-heading-title.elementor-size-xl{font-size:39px}.elementor-widget-heading .elementor-heading-title.elementor-size-xxl{font-size:59px}<\/style><h1 class=\"elementor-heading-title elementor-size-default\">Contact us<\/h1>\t\t<\/div>\n\t\t\t\t<\/div>\n\t\t\t\t\t<\/div>\n\t\t<\/div>\n\t\t\t\t\t<\/div>\n\t\t<\/section>\n\t\t\t\t<section class=\"has_eae_slider elementor-section elementor-top-section elementor-element elementor-element-1b30e52a elementor-section-boxed elementor-section-height-default elementor-section-height-default\" data-id=\"1b30e52a\" data-element_type=\"section\" id=\"mensaje\">\n\t\t\t\t\t\t<div class=\"elementor-container elementor-column-gap-default\">\n\t\t\t\t\t<div class=\"has_eae_slider elementor-column elementor-col-100 elementor-top-column elementor-element elementor-element-2c5011e3\" data-id=\"2c5011e3\" data-element_type=\"column\">\n\t\t\t<div class=\"elementor-widget-wrap elementor-element-populated\">\n\t\t\t\t\t\t<section class=\"has_eae_slider elementor-section elementor-inner-section elementor-element elementor-element-402b44d9 elementor-section-boxed elementor-section-height-default elementor-section-height-default\" data-id=\"402b44d9\" data-element_type=\"section\">\n\t\t\t\t\t\t<div class=\"elementor-container elementor-column-gap-default\">\n\t\t\t\t\t<div class=\"has_eae_slider elementor-column elementor-col-100 elementor-inner-column elementor-element elementor-element-7345b841\" data-id=\"7345b841\" data-element_type=\"column\">\n\t\t\t<div class=\"elementor-widget-wrap elementor-element-populated\">\n\t\t\t\t\t\t<div class=\"elementor-element elementor-element-3a45f892 elementor-widget elementor-widget-heading\" data-id=\"3a45f892\" data-element_type=\"widget\" data-widget_type=\"heading.default\">\n\t\t\t\t<div class=\"elementor-widget-container\">\n\t\t\t<h2 class=\"elementor-heading-title elementor-size-default\">Send us a message<\/h2>\t\t<\/div>\n\t\t\t\t<\/div>\n\t\t\t\t\t<\/div>\n\t\t<\/div>\n\t\t\t\t\t<\/div>\n\t\t<\/section>\n\t\t\t\t<section class=\"has_eae_slider elementor-section elementor-inner-section elementor-element elementor-element-49d8e80d elementor-section-boxed elementor-section-height-default elementor-section-height-default\" data-id=\"49d8e80d\" data-element_type=\"section\">\n\t\t\t\t\t\t<div class=\"elementor-container elementor-column-gap-default\">\n\t\t\t\t\t<div class=\"has_eae_slider elementor-column elementor-col-50 elementor-inner-column elementor-element elementor-element-65f2109b\" data-id=\"65f2109b\" data-element_type=\"column\">\n\t\t\t<div class=\"elementor-widget-wrap elementor-element-populated\">\n\t\t\t\t\t\t\t<\/div>\n\t\t<\/div>\n\t\t\t\t<div class=\"has_eae_slider elementor-column elementor-col-50 elementor-inner-column elementor-element elementor-element-575f2f48\" data-id=\"575f2f48\" data-element_type=\"column\">\n\t\t\t<div class=\"elementor-widget-wrap elementor-element-populated\">\n\t\t\t\t\t\t<div class=\"elementor-element elementor-element-2ec9a1d4 elementor-widget elementor-widget-image\" data-id=\"2ec9a1d4\" data-element_type=\"widget\" data-widget_type=\"image.default\">\n\t\t\t\t<div class=\"elementor-widget-container\">\n\t\t\t<style>\/*! elementor - v3.19.0 - 28-02-2024 *\/\n.elementor-widget-image{text-align:center}.elementor-widget-image a{display:inline-block}.elementor-widget-image a img[src$=\".svg\"]{width:48px}.elementor-widget-image img{vertical-align:middle;display:inline-block}<\/style>\t\t\t\t\t\t\t\t\t\t<img fetchpriority=\"high\" decoding=\"async\" width=\"280\" height=\"509\" src=\"https:\/\/ecosac.com.pe\/wp-content\/uploads\/2023\/05\/MicrosoftTeams-image-9.png\" class=\"attachment-layers-landscape-large size-layers-landscape-large wp-image-3208\" alt=\"\" srcset=\"https:\/\/ecosac.com.pe\/wp-content\/uploads\/2023\/05\/MicrosoftTeams-image-9.png 280w, https:\/\/ecosac.com.pe\/wp-content\/uploads\/2023\/05\/MicrosoftTeams-image-9-165x300.png 165w, https:\/\/ecosac.com.pe\/wp-content\/uploads\/2023\/05\/MicrosoftTeams-image-9-7x12.png 7w\" sizes=\"(max-width: 280px) 100vw, 280px\" \/>\t\t\t\t\t\t\t\t\t\t\t\t\t<\/div>\n\t\t\t\t<\/div>\n\t\t\t\t\t<\/div>\n\t\t<\/div>\n\t\t\t\t\t<\/div>\n\t\t<\/section>\n\t\t\t\t<section class=\"has_eae_slider elementor-section elementor-inner-section elementor-element elementor-element-ae743d0 elementor-section-boxed elementor-section-height-default elementor-section-height-default\" data-id=\"ae743d0\" data-element_type=\"section\">\n\t\t\t\t\t\t<div class=\"elementor-container elementor-column-gap-default\">\n\t\t\t\t\t<div class=\"has_eae_slider elementor-column elementor-col-33 elementor-inner-column elementor-element elementor-element-d35d4a5\" data-id=\"d35d4a5\" data-element_type=\"column\">\n\t\t\t<div class=\"elementor-widget-wrap elementor-element-populated\">\n\t\t\t\t\t\t<div class=\"elementor-element elementor-element-5bc3edd8 elementor-view-stacked elementor-shape-circle elementor-position-top elementor-mobile-position-top elementor-widget elementor-widget-icon-box\" data-id=\"5bc3edd8\" data-element_type=\"widget\" data-widget_type=\"icon-box.default\">\n\t\t\t\t<div class=\"elementor-widget-container\">\n\t\t\t<link rel=\"stylesheet\" href=\"https:\/\/ecosac.com.pe\/wp-content\/plugins\/elementor\/assets\/css\/widget-icon-box.min.css\">\t\t<div class=\"elementor-icon-box-wrapper\">\n\t\t\t\t\t\t<div class=\"elementor-icon-box-icon\">\n\t\t\t\t<span  class=\"elementor-icon elementor-animation-\">\n\t\t\t\t<svg xmlns=\"http:\/\/www.w3.org\/2000\/svg\" xmlns:xlink=\"http:\/\/www.w3.org\/1999\/xlink\" id=\"Capa_1\" x=\"0px\" y=\"0px\" viewbox=\"0 0 30 30\" style=\"enable-background:new 0 0 30 30;\" xml:space=\"preserve\"><style type=\"text\/css\">\t.st0{fill:#6ABC3D;}<\/style><path class=\"st0\" d=\"M21.8,27.8H8.2c-3.3,0-6-2.7-6-6v-6c0-0.8,0.3-1.5,0.9-2C3.6,13.2,4.4,13,5.2,13c0.5,0,1.1,0.2,1.5,0.6l5.9,4.4  c0,0,0,0,0,0c1.4,1.1,3.4,1.1,4.9,0c0,0,0,0,0,0l5.9-4.4c0.5-0.3,1-0.5,1.5-0.6c0.8,0,1.5,0.2,2.1,0.8c0.6,0.5,0.9,1.2,0.9,2v6  C27.8,25.1,25.1,27.8,21.8,27.8z M5,15c-0.2,0-0.4,0.1-0.6,0.2c-0.1,0.1-0.2,0.3-0.2,0.6v6c0,2.2,1.8,4,4,4h13.6c2.2,0,4-1.8,4-4v-6  c0-0.3-0.1-0.5-0.2-0.6C25.4,15.1,25.2,15,25,15c-0.2,0-0.3,0.1-0.4,0.2l-5.9,4.4c-2.1,1.6-5.1,1.6-7.3,0l-5.9-4.4  C5.3,15.1,5.2,15,5,15z M17.5,13c0-0.6-0.4-1-1-1h-5.4c-0.6,0-1,0.4-1,1s0.4,1,1,1h5.4C17.1,14,17.5,13.6,17.5,13z M20,9.1  c0-0.6-0.4-1-1-1h-7.9c-0.6,0-1,0.4-1,1s0.4,1,1,1H19C19.6,10.1,20,9.7,20,9.1z M25.4,10.1V8.2c0-3.3-2.7-6-6-6h-8.7  c-3.3,0-6,2.7-6,6v1.9c0,0.6,0.4,1,1,1s1-0.4,1-1V8.2c0-2.2,1.8-4,4-4h8.7c2.2,0,4,1.8,4,4v1.9c0,0.6,0.4,1,1,1S25.4,10.6,25.4,10.1  z\"><\/path><\/svg>\t\t\t\t<\/span>\n\t\t\t<\/div>\n\t\t\t\t\t\t<div class=\"elementor-icon-box-content\">\n\t\t\t\t<h3 class=\"elementor-icon-box-title\">\n\t\t\t\t\t<span  >\n\t\t\t\t\t\tEmail\t\t\t\t\t<\/span>\n\t\t\t\t<\/h3>\n\t\t\t\t\t\t\t\t\t<p class=\"elementor-icon-box-description\">\n\t\t\t\t\t\tecosac@ecosac.com.pe\t\t\t\t\t<\/p>\n\t\t\t\t\t\t\t<\/div>\n\t\t<\/div>\n\t\t\t\t<\/div>\n\t\t\t\t<\/div>\n\t\t\t\t\t<\/div>\n\t\t<\/div>\n\t\t\t\t<div class=\"has_eae_slider elementor-column elementor-col-33 elementor-inner-column elementor-element elementor-element-361aaf1d\" data-id=\"361aaf1d\" data-element_type=\"column\">\n\t\t\t<div class=\"elementor-widget-wrap elementor-element-populated\">\n\t\t\t\t\t\t<div class=\"elementor-element elementor-element-7fbbe907 elementor-view-stacked elementor-shape-circle elementor-position-top elementor-mobile-position-top elementor-widget elementor-widget-icon-box\" data-id=\"7fbbe907\" data-element_type=\"widget\" data-widget_type=\"icon-box.default\">\n\t\t\t\t<div class=\"elementor-widget-container\">\n\t\t\t\t\t<div class=\"elementor-icon-box-wrapper\">\n\t\t\t\t\t\t<div class=\"elementor-icon-box-icon\">\n\t\t\t\t<span  class=\"elementor-icon elementor-animation-\">\n\t\t\t\t<svg xmlns=\"http:\/\/www.w3.org\/2000\/svg\" xmlns:xlink=\"http:\/\/www.w3.org\/1999\/xlink\" id=\"Capa_1\" x=\"0px\" y=\"0px\" viewbox=\"0 0 30 30\" style=\"enable-background:new 0 0 30 30;\" xml:space=\"preserve\"><style type=\"text\/css\">\t.st0{fill:#6ABC3D;}<\/style><path class=\"st0\" d=\"M18.7,27.8C8.5,27.7-3.5,12.8,5.3,4c0.3-0.3,0.6-0.6,1-0.9C7,2.5,7.9,2.2,8.8,2.2c0.9,0,1.8,0.4,2.5,1.1  c0,0,0,0,0,0L13,5.1c1.8,1.8,1.2,5-1.2,6c-0.7,0.3-1.2,0.6-1.3,0.7c-0.9,0.9-1.5,2.5,2,6c1.1,1.1,2.8,2.6,4.3,2.6  c0.6,0,1.2-0.3,1.7-0.8c0.1-0.1,0.3-0.5,0.6-1.3c0.9-2.4,4.2-3.1,6-1.2l1.7,1.7c0,0,0,0,0,0c0.7,0.7,1,1.5,1.1,2.5  c0,0.9-0.3,1.8-0.9,2.6c-0.3,0.3-0.5,0.6-0.8,0.9C24,26.7,21.5,27.8,18.7,27.8L18.7,27.8z M8.6,4.2c-0.4,0-0.8,0.1-1.1,0.4  C7.2,4.9,6.9,5.1,6.7,5.4C2,10.1,4.6,16.6,9.1,21.1c4.5,4.4,10.9,6.9,15.6,2.2c0.3-0.3,0.5-0.5,0.7-0.8c0.6-0.7,0.5-1.7-0.1-2.3  l-1.7-1.7c0,0,0,0,0,0C23.1,18,22.6,17.9,22,18c-0.6,0.1-1,0.5-1.2,1c-0.1,0.3-0.6,1.5-1,1.9c-0.9,0.9-2,1.4-3.1,1.4  c-2.2,0-4.2-1.7-5.7-3.2c-2.3-2.2-4.9-5.9-1.9-8.8c0.4-0.4,1.6-0.9,2-1.1C11.5,9,11.9,8.5,12,8c0.1-0.6-0.1-1.1-0.5-1.5c0,0,0,0,0,0  L9.9,4.7C9.5,4.4,9.1,4.2,8.6,4.2L8.6,4.2z M26.8,14.2c-0.5,0-0.9-0.4-1-0.9c-0.4-4.8-4.2-8.6-9-9c-0.5,0-1-0.5-0.9-1.1  c0-0.5,0.5-1,1.1-0.9c5.6,0.4,10.4,5.2,10.9,10.9C27.8,13.6,27.4,14.1,26.8,14.2C26.8,14.2,26.8,14.2,26.8,14.2L26.8,14.2z M19,14.2  c0.5-0.2,0.8-0.7,0.6-1.3c-0.4-1.2-1.3-2.1-2.5-2.5c-0.5-0.2-1.1,0.1-1.3,0.6c-0.2,0.5,0.1,1.1,0.6,1.3c0.6,0.2,1,0.7,1.2,1.3  c0.1,0.4,0.5,0.7,0.9,0.7C18.8,14.2,18.9,14.2,19,14.2z M22.9,14.1c0.5-0.1,0.9-0.6,0.8-1.1c-0.5-3.5-3.3-6.3-6.8-6.8  c-1.3-0.1-1.6,1.7-0.3,2c2.6,0.4,4.7,2.5,5.1,5.1c0.1,0.5,0.5,0.9,1,0.9C22.8,14.2,22.9,14.1,22.9,14.1L22.9,14.1z\"><\/path><\/svg>\t\t\t\t<\/span>\n\t\t\t<\/div>\n\t\t\t\t\t\t<div class=\"elementor-icon-box-content\">\n\t\t\t\t<h3 class=\"elementor-icon-box-title\">\n\t\t\t\t\t<span  >\n\t\t\t\t\t\tPhone\t\t\t\t\t<\/span>\n\t\t\t\t<\/h3>\n\t\t\t\t\t\t\t\t\t<p class=\"elementor-icon-box-description\">\n\t\t\t\t\t\t(073) 628605\t\t\t\t\t<\/p>\n\t\t\t\t\t\t\t<\/div>\n\t\t<\/div>\n\t\t\t\t<\/div>\n\t\t\t\t<\/div>\n\t\t\t\t\t<\/div>\n\t\t<\/div>\n\t\t\t\t<div class=\"has_eae_slider elementor-column elementor-col-33 elementor-inner-column elementor-element elementor-element-5c5fabba\" data-id=\"5c5fabba\" data-element_type=\"column\">\n\t\t\t<div class=\"elementor-widget-wrap elementor-element-populated\">\n\t\t\t\t\t\t<div class=\"elementor-element elementor-element-4d73ab5b elementor-view-stacked elementor-shape-circle elementor-position-top elementor-mobile-position-top elementor-widget elementor-widget-icon-box\" data-id=\"4d73ab5b\" data-element_type=\"widget\" data-widget_type=\"icon-box.default\">\n\t\t\t\t<div class=\"elementor-widget-container\">\n\t\t\t\t\t<div class=\"elementor-icon-box-wrapper\">\n\t\t\t\t\t\t<div class=\"elementor-icon-box-icon\">\n\t\t\t\t<span  class=\"elementor-icon elementor-animation-\">\n\t\t\t\t<svg xmlns=\"http:\/\/www.w3.org\/2000\/svg\" xmlns:xlink=\"http:\/\/www.w3.org\/1999\/xlink\" id=\"Capa_1\" x=\"0px\" y=\"0px\" viewbox=\"0 0 75 75\" style=\"enable-background:new 0 0 75 75;\" xml:space=\"preserve\"><g>\t<path style=\"fill:#6ABC3D;\" d=\"M38.1,5.4L38.1,5.4c-7-0.1-14,2.8-19.2,8c-5.2,5.2-8.2,12.2-8,19.2c0.2,4.6,2.2,10.1,6.3,16.9   c3.7,6.1,8.5,12.4,12,17c2.2,2.6,5.4,4.1,8.9,4.1c3.6,0,6.9-1.6,9.1-4.4c3.3-4.2,8-10.5,11.8-16.8c4.2-7.2,6.3-12.7,6.3-16.8   c0-7.3-2.8-14.1-7.9-19.2C52.2,8.2,45.3,5.4,38.1,5.4z M44.1,63.8c-1.5,1.9-3.7,2.9-6,2.9c-2.4,0-4.6-1.1-6-2.9   c-11-14-17.3-25.4-17.3-31.2C14.8,19.8,25.2,9.3,38,9.3h0c12.8,0,23.2,10.5,23.2,23.3C61.3,38.6,55,49.9,44.1,63.8z\"><\/path>\t<path style=\"fill:#6ABC3D;\" d=\"M48.6,24.5l-6.3-4.8c-1.2-0.9-2.6-1.3-4-1.3c-1.4,0-2.8,0.4-4,1.3L28,24.5c-1.6,1.2-2.6,3.2-2.6,5.2   v7.8c0,3.6,3,6.6,6.6,6.6h12.6c3.6,0,6.6-3,6.6-6.6v-7.8C51.2,27.7,50.2,25.8,48.6,24.5z M47.3,37.6c0,1.5-1.2,2.7-2.7,2.7H32   c-1.5,0-2.7-1.2-2.7-2.7v-7.8c0-0.8,0.4-1.6,1.1-2.1l6.3-4.8c0.5-0.4,1-0.5,1.6-0.5c0.6,0,1.2,0.2,1.6,0.6l6.3,4.8   c0.7,0.5,1,1.3,1,2.1V37.6z\"><\/path>\t<path style=\"fill:#6ABC3D;\" d=\"M40.7,32.6c0-1.2-0.8-2.5-2.6-2.6c-1.4,0-2.6,1.2-2.6,2.6c0,1.4,1.2,2.6,2.6,2.6   C39.9,35.1,40.7,33.8,40.7,32.6z\"><\/path><\/g><\/svg>\t\t\t\t<\/span>\n\t\t\t<\/div>\n\t\t\t\t\t\t<div class=\"elementor-icon-box-content\">\n\t\t\t\t<h3 class=\"elementor-icon-box-title\">\n\t\t\t\t\t<span  >\n\t\t\t\t\t\tAddress\t\t\t\t\t<\/span>\n\t\t\t\t<\/h3>\n\t\t\t\t\t\t\t\t\t<p class=\"elementor-icon-box-description\">\n\t\t\t\t\t\tChapair\u00e1 s\/n, Castilla,\nPiura, Per\u00fa\t\t\t\t\t<\/p>\n\t\t\t\t\t\t\t<\/div>\n\t\t<\/div>\n\t\t\t\t<\/div>\n\t\t\t\t<\/div>\n\t\t\t\t\t<\/div>\n\t\t<\/div>\n\t\t\t\t\t<\/div>\n\t\t<\/section>\n\t\t\t\t<section class=\"has_eae_slider elementor-section elementor-inner-section elementor-element elementor-element-6ecf2691 elementor-section-boxed elementor-section-height-default elementor-section-height-default\" data-id=\"6ecf2691\" data-element_type=\"section\">\n\t\t\t\t\t\t<div class=\"elementor-container elementor-column-gap-default\">\n\t\t\t\t\t<div class=\"has_eae_slider elementor-column elementor-col-33 elementor-inner-column elementor-element elementor-element-4353098d\" data-id=\"4353098d\" data-element_type=\"column\" data-settings=\"{&quot;background_background&quot;:&quot;classic&quot;}\">\n\t\t\t<div class=\"elementor-widget-wrap elementor-element-populated\">\n\t\t\t\t\t\t<div class=\"elementor-element elementor-element-7bd5b4b0 elementor-widget elementor-widget-heading\" data-id=\"7bd5b4b0\" data-element_type=\"widget\" data-widget_type=\"heading.default\">\n\t\t\t\t<div class=\"elementor-widget-container\">\n\t\t\t<h3 class=\"elementor-heading-title elementor-size-default\">Follow us<\/h3>\t\t<\/div>\n\t\t\t\t<\/div>\n\t\t\t\t\t<\/div>\n\t\t<\/div>\n\t\t\t\t<div class=\"has_eae_slider elementor-column elementor-col-33 elementor-inner-column elementor-element elementor-element-51f214e6\" data-id=\"51f214e6\" data-element_type=\"column\" data-settings=\"{&quot;background_background&quot;:&quot;classic&quot;}\">\n\t\t\t<div class=\"elementor-widget-wrap elementor-element-populated\">\n\t\t\t\t\t\t<div class=\"elementor-element elementor-element-4ee9b48d elementor-icon-list--layout-traditional elementor-list-item-link-full_width elementor-widget elementor-widget-icon-list\" data-id=\"4ee9b48d\" data-element_type=\"widget\" data-widget_type=\"icon-list.default\">\n\t\t\t\t<div class=\"elementor-widget-container\">\n\t\t\t<link rel=\"stylesheet\" href=\"https:\/\/ecosac.com.pe\/wp-content\/plugins\/elementor\/assets\/css\/widget-icon-list.min.css\">\t\t<ul class=\"elementor-icon-list-items\">\n\t\t\t\t\t\t\t<li class=\"elementor-icon-list-item\">\n\t\t\t\t\t\t\t\t\t\t\t<a href=\"https:\/\/www.linkedin.com\/company\/ecosac-grupo-costa-del-sol\/\">\n\n\t\t\t\t\t\t\t\t\t\t\t\t<span class=\"elementor-icon-list-icon\">\n\t\t\t\t\t\t\t<svg xmlns=\"http:\/\/www.w3.org\/2000\/svg\" xmlns:xlink=\"http:\/\/www.w3.org\/1999\/xlink\" id=\"Capa_1\" x=\"0px\" y=\"0px\" viewbox=\"0 0 44 44\" style=\"enable-background:new 0 0 44 44;\" xml:space=\"preserve\"><g>\t<path style=\"fill:#FFFFFF;\" d=\"M22.3,1.5C11,1.5,1.8,10.7,1.8,22S11,42.5,22.3,42.5S42.7,33.3,42.7,22S33.5,1.5,22.3,1.5z    M22.3,40.1C12.3,40.1,4.1,32,4.1,22S12.3,3.9,22.3,3.9S40.4,12,40.4,22S32.2,40.1,22.3,40.1z\"><\/path>\t<path style=\"fill:#FFFFFF;\" d=\"M16.4,17.3c-0.6,0-1.2,0.5-1.2,1.2v9.7c0,0.6,0.5,1.2,1.2,1.2c0.7,0,1.2-0.5,1.2-1.2v-9.7   C17.6,17.8,17.1,17.3,16.4,17.3z\"><\/path>\t<path style=\"fill:#FFFFFF;\" d=\"M16.4,11.8c-0.3,0-0.6,0.1-0.8,0.3s-0.3,0.5-0.3,0.8s0.1,0.6,0.3,0.8s0.5,0.3,0.8,0.3   s0.6-0.1,0.8-0.3c0.2-0.2,0.3-0.5,0.3-0.8s-0.1-0.6-0.3-0.8C17,12,16.7,11.8,16.4,11.8z\"><\/path>\t<path style=\"fill:#FFFFFF;\" d=\"M26.5,18.2c-1.2,0-2.4,0.4-3.3,1.1v-0.8c0-0.6-0.5-1.2-1.2-1.2s-1.2,0.5-1.2,1.2v9.7   c0,0.6,0.5,1.2,1.2,1.2s1.2-0.5,1.2-1.2v-4.3c0-1.8,1.5-3.3,3.3-3.3s3.3,1.5,3.3,3.3v4.6c0,0.6,0.5,1.2,1.2,1.2   c0.6,0,1.2-0.5,1.2-1.2v-4.6C32.1,20.7,29.6,18.2,26.5,18.2z\"><\/path><\/g><\/svg>\t\t\t\t\t\t<\/span>\n\t\t\t\t\t\t\t\t\t\t<span class=\"elementor-icon-list-text\">LinkedIn<\/span>\n\t\t\t\t\t\t\t\t\t\t\t<\/a>\n\t\t\t\t\t\t\t\t\t<\/li>\n\t\t\t\t\t\t<\/ul>\n\t\t\t\t<\/div>\n\t\t\t\t<\/div>\n\t\t\t\t\t<\/div>\n\t\t<\/div>\n\t\t\t\t<div class=\"has_eae_slider elementor-column elementor-col-33 elementor-inner-column elementor-element elementor-element-5715ccfd\" data-id=\"5715ccfd\" data-element_type=\"column\" data-settings=\"{&quot;background_background&quot;:&quot;classic&quot;}\">\n\t\t\t<div class=\"elementor-widget-wrap elementor-element-populated\">\n\t\t\t\t\t\t<div class=\"elementor-element elementor-element-23df07de elementor-icon-list--layout-traditional elementor-list-item-link-full_width elementor-widget elementor-widget-icon-list\" data-id=\"23df07de\" data-element_type=\"widget\" data-widget_type=\"icon-list.default\">\n\t\t\t\t<div class=\"elementor-widget-container\">\n\t\t\t\t\t<ul class=\"elementor-icon-list-items\">\n\t\t\t\t\t\t\t<li class=\"elementor-icon-list-item\">\n\t\t\t\t\t\t\t\t\t\t\t<a href=\"https:\/\/www.facebook.com\/ecosacperu\">\n\n\t\t\t\t\t\t\t\t\t\t\t\t<span class=\"elementor-icon-list-icon\">\n\t\t\t\t\t\t\t<svg xmlns=\"http:\/\/www.w3.org\/2000\/svg\" xmlns:xlink=\"http:\/\/www.w3.org\/1999\/xlink\" id=\"Capa_1\" x=\"0px\" y=\"0px\" viewbox=\"0 0 44 44\" style=\"enable-background:new 0 0 44 44;\" xml:space=\"preserve\"><g>\t<path style=\"fill:#FFFFFF;\" d=\"M22,1.5C10.7,1.5,1.5,10.7,1.5,22S10.7,42.5,22,42.5S42.5,33.3,42.5,22S33.3,1.5,22,1.5z M22,40.1   C12,40.1,3.9,32,3.9,22S12,3.9,22,3.9S40.1,12,40.1,22S32,40.1,22,40.1z\"><\/path>\t<path style=\"fill:#FFFFFF;\" d=\"M26.7,10.9H24c-2.3,0-4.1,1.8-4.1,4.1v3.1h-2.6c-0.6,0-1.2,0.5-1.2,1.2s0.5,1.2,1.2,1.2h2.6v10.8   c0,0.6,0.5,1.2,1.2,1.2s1.2-0.5,1.2-1.2V20.5h4c0.6,0,1.2-0.5,1.2-1.2s-0.5-1.2-1.2-1.2h-4V15c0-1,0.8-1.8,1.8-1.8h2.8   c0.6,0,1.2-0.5,1.2-1.2C27.9,11.4,27.4,10.9,26.7,10.9z\"><\/path><\/g><\/svg>\t\t\t\t\t\t<\/span>\n\t\t\t\t\t\t\t\t\t\t<span class=\"elementor-icon-list-text\">Facebook<\/span>\n\t\t\t\t\t\t\t\t\t\t\t<\/a>\n\t\t\t\t\t\t\t\t\t<\/li>\n\t\t\t\t\t\t<\/ul>\n\t\t\t\t<\/div>\n\t\t\t\t<\/div>\n\t\t\t\t\t<\/div>\n\t\t<\/div>\n\t\t\t\t\t<\/div>\n\t\t<\/section>\n\t\t\t\t\t<\/div>\n\t\t<\/div>\n\t\t\t\t\t<\/div>\n\t\t<\/section>\n\t\t\t\t<section class=\"has_eae_slider elementor-section elementor-top-section elementor-element elementor-element-60acf818 elementor-section-stretched elementor-section-boxed elementor-section-height-default elementor-section-height-default\" data-id=\"60acf818\" data-element_type=\"section\" id=\"ubicanos\" data-settings=\"{&quot;stretch_section&quot;:&quot;section-stretched&quot;,&quot;background_background&quot;:&quot;gradient&quot;}\">\n\t\t\t\t\t\t\t<div class=\"elementor-background-overlay\"><\/div>\n\t\t\t\t\t\t\t<div class=\"elementor-container elementor-column-gap-default\">\n\t\t\t\t\t<div class=\"has_eae_slider elementor-column elementor-col-100 elementor-top-column elementor-element elementor-element-5bf155b0\" data-id=\"5bf155b0\" data-element_type=\"column\">\n\t\t\t<div class=\"elementor-widget-wrap elementor-element-populated\">\n\t\t\t\t\t\t<section class=\"has_eae_slider elementor-section elementor-inner-section elementor-element elementor-element-4a807c84 elementor-section-boxed elementor-section-height-default elementor-section-height-default\" data-id=\"4a807c84\" data-element_type=\"section\">\n\t\t\t\t\t\t<div class=\"elementor-container elementor-column-gap-default\">\n\t\t\t\t\t<div class=\"has_eae_slider elementor-column elementor-col-100 elementor-inner-column elementor-element elementor-element-7d50f190\" data-id=\"7d50f190\" data-element_type=\"column\">\n\t\t\t<div class=\"elementor-widget-wrap elementor-element-populated\">\n\t\t\t\t\t\t<div class=\"elementor-element elementor-element-185154c2 elementor-widget elementor-widget-heading\" data-id=\"185154c2\" data-element_type=\"widget\" data-widget_type=\"heading.default\">\n\t\t\t\t<div class=\"elementor-widget-container\">\n\t\t\t<h2 class=\"elementor-heading-title elementor-size-default\">Locate us<\/h2>\t\t<\/div>\n\t\t\t\t<\/div>\n\t\t\t\t<div class=\"elementor-element elementor-element-399a957 elementor-widget elementor-widget-google_maps\" data-id=\"399a957\" data-element_type=\"widget\" data-widget_type=\"google_maps.default\">\n\t\t\t\t<div class=\"elementor-widget-container\">\n\t\t\t<style>\/*! elementor - v3.19.0 - 28-02-2024 *\/\n.elementor-widget-google_maps .elementor-widget-container{overflow:hidden}.elementor-widget-google_maps .elementor-custom-embed{line-height:0}.elementor-widget-google_maps iframe{height:300px}<\/style>\t\t<div class=\"elementor-custom-embed\">\n\t\t\t<iframe loading=\"lazy\"\n\t\t\t\t\tsrc=\"https:\/\/maps.google.com\/maps?q=ecosac&#038;t=m&#038;z=10&#038;output=embed&#038;iwloc=near\"\n\t\t\t\t\ttitle=\"ecosac\"\n\t\t\t\t\taria-label=\"ecosac\"\n\t\t\t><\/iframe>\n\t\t<\/div>\n\t\t\t\t<\/div>\n\t\t\t\t<\/div>\n\t\t\t\t\t<\/div>\n\t\t<\/div>\n\t\t\t\t\t<\/div>\n\t\t<\/section>\n\t\t\t\t\t<\/div>\n\t\t<\/div>\n\t\t\t\t\t<\/div>\n\t\t<\/section>\n\t\t\t\t<\/div>","protected":false},"excerpt":{"rendered":"<p class=\"excerpt\">Cont\u00e1ctanos Env\u00edanos un mensaje &#916; Email ecosac@ecosac.com.pe Central (073) 628605 Direcci\u00f3n Chapair\u00e1 s\/n, Castilla, Piura, Per\u00fa S\u00edguenos en LinkedIn Facebook Ub\u00edcanos<\/p>","protected":false},"author":1,"featured_media":0,"parent":0,"menu_order":0,"comment_status":"closed","ping_status":"closed","template":"elementor_header_footer","meta":{"footnotes":""},"_links":{"self":[{"href":"https:\/\/ecosac.com.pe\/en\/wp-json\/wp\/v2\/pages\/2613"}],"collection":[{"href":"https:\/\/ecosac.com.pe\/en\/wp-json\/wp\/v2\/pages"}],"about":[{"href":"https:\/\/ecosac.com.pe\/en\/wp-json\/wp\/v2\/types\/page"}],"author":[{"embeddable":true,"href":"https:\/\/ecosac.com.pe\/en\/wp-json\/wp\/v2\/users\/1"}],"replies":[{"embeddable":true,"href":"https:\/\/ecosac.com.pe\/en\/wp-json\/wp\/v2\/comments?post=2613"}],"version-history":[{"count":12,"href":"https:\/\/ecosac.com.pe\/en\/wp-json\/wp\/v2\/pages\/2613\/revisions"}],"predecessor-version":[{"id":3211,"href":"https:\/\/ecosac.com.pe\/en\/wp-json\/wp\/v2\/pages\/2613\/revisions\/3211"}],"wp:attachment":[{"href":"https:\/\/ecosac.com.pe\/en\/wp-json\/wp\/v2\/media?parent=2613"}],"curies":[{"name":"wp","href":"https:\/\/api.w.org\/{rel}","templated":true}]}}